{"id":264,"date":"2026-03-19T12:49:47","date_gmt":"2026-03-19T12:49:47","guid":{"rendered":"https:\/\/www.stb-polney.de\/?page_id=264"},"modified":"2026-03-19T13:30:06","modified_gmt":"2026-03-19T13:30:06","slug":"startseite","status":"publish","type":"page","link":"https:\/\/www.stb-polney.de\/?page_id=264","title":{"rendered":"Startseite"},"content":{"rendered":"<h2 data-section-id=\"1am5jlb\" data-start=\"388\" data-end=\"455\">Steuerberatung f\u00fcr Unternehmen und Selbstst\u00e4ndige in Halberstadt<\/h2>\n<p data-start=\"457\" data-end=\"660\">Pers\u00f6nliche und zuverl\u00e4ssige Steuerberatung \u2013 von der laufenden Buchhaltung bis zum Jahresabschluss.<br data-start=\"557\" data-end=\"560\" \/>Wir unterst\u00fctzen Sie kompetent und vorausschauend in allen steuerlichen und wirtschaftlichen Fragen.<\/p>\n<hr data-start=\"662\" data-end=\"665\" \/>\n<h2 data-section-id=\"lj0grz\" data-start=\"667\" data-end=\"687\">Unsere Leistungen<\/h2>\n<ul data-start=\"689\" data-end=\"810\">\n<li data-section-id=\"muwkh9\" data-start=\"689\" data-end=\"710\">\n<p data-start=\"691\" data-end=\"710\">Finanzbuchhaltung<\/p>\n<\/li>\n<li data-section-id=\"7ly2xo\" data-start=\"711\" data-end=\"730\">\n<p data-start=\"713\" data-end=\"730\">Lohnbuchhaltung<\/p>\n<\/li>\n<li data-section-id=\"aqohs1\" data-start=\"731\" data-end=\"751\">\n<p data-start=\"733\" data-end=\"751\">Jahresabschl\u00fcsse<\/p>\n<\/li>\n<li data-section-id=\"j2wda1\" data-start=\"752\" data-end=\"773\">\n<p data-start=\"754\" data-end=\"773\">Steuererkl\u00e4rungen<\/p>\n<\/li>\n<li data-section-id=\"y6ejgw\" data-start=\"774\" data-end=\"810\">\n<p data-start=\"776\" data-end=\"810\">Betriebswirtschaftliche Beratung<\/p>\n<\/li>\n<\/ul>\n<hr data-start=\"812\" data-end=\"815\" \/>\n<h2 data-section-id=\"6d1y6o\" data-start=\"817\" data-end=\"862\">Warum Sie sich f\u00fcr uns entscheiden sollten<\/h2>\n<ul data-start=\"864\" data-end=\"1035\">\n<li data-section-id=\"mg3282\" data-start=\"864\" data-end=\"889\">\n<p data-start=\"866\" data-end=\"889\">pers\u00f6nliche Betreuung<\/p>\n<\/li>\n<li data-section-id=\"1n1t6fq\" data-start=\"890\" data-end=\"917\">\n<p data-start=\"892\" data-end=\"917\">direkte Ansprechpartner<\/p>\n<\/li>\n<li data-section-id=\"evlhet\" data-start=\"918\" data-end=\"943\">\n<p data-start=\"920\" data-end=\"943\">langj\u00e4hrige Erfahrung<\/p>\n<\/li>\n<li data-section-id=\"1ccavb1\" data-start=\"944\" data-end=\"990\">\n<p data-start=\"946\" data-end=\"990\">zuverl\u00e4ssige und fristgerechte Bearbeitung<\/p>\n<\/li>\n<li data-section-id=\"bko1yh\" data-start=\"991\" data-end=\"1035\">\n<p data-start=\"993\" data-end=\"1035\">verst\u00e4ndliche Beratung ohne Fachbegriffe<\/p>\n<\/li>\n<\/ul>\n<hr data-start=\"1037\" data-end=\"1040\" \/>\n<h2 data-section-id=\"su23et\" data-start=\"1042\" data-end=\"1052\">Kontakt<\/h2>\n<p data-start=\"1054\" data-end=\"1085\">Nehmen Sie Kontakt mit uns auf:<\/p>\n<p data-start=\"1087\" data-end=\"1184\">Telefon: 03941-6785429\u00a0 \u00a0 \u00a0 Mobil: 0172-3258199<\/p>\n<p data-start=\"1087\" data-end=\"1184\">E-Mail: info@stb-polney.de<br data-start=\"1150\" data-end=\"1153\" \/>Adresse: Voigtei 39, 38820 Halberstadt<\/p>\n<p data-start=\"1087\" data-end=\"1184\">\n","protected":false},"excerpt":{"rendered":"<p>Steuerberatung f\u00fcr Unternehmen und Selbstst\u00e4ndige in Halberstadt Pers\u00f6nliche und zuverl\u00e4ssige Steuerberatung \u2013 von der laufenden Buchhaltung bis zum Jahresabschluss.Wir unterst\u00fctzen Sie kompetent und vorausschauend in allen steuerlichen und wirtschaftlichen Fragen. Unsere Leistungen Finanzbuchhaltung Lohnbuchhaltung Jahresabschl\u00fcsse Steuererkl\u00e4rungen Betriebswirtschaftliche Beratung Warum Sie sich f\u00fcr uns entscheiden sollten pers\u00f6nliche Betreuung direkte Ansprechpartner langj\u00e4hrige Erfahrung zuverl\u00e4ssige und fristgerechte Bearbeitung<br \/><a class=\"btn btn-theme post-btn\" href=\"https:\/\/www.stb-polney.de\/?page_id=264\">Weiterlesen<\/a><\/p>\n","protected":false},"author":2,"featured_media":0,"parent":0,"menu_order":0,"comment_status":"closed","ping_status":"closed","template":"","meta":{"footnotes":""},"class_list":["post-264","page","type-page","status-publish","hentry"],"_links":{"self":[{"href":"https:\/\/www.stb-polney.de\/index.php?rest_route=\/wp\/v2\/pages\/264","targetHints":{"allow":["GET"]}}],"collection":[{"href":"https:\/\/www.stb-polney.de\/index.php?rest_route=\/wp\/v2\/pages"}],"about":[{"href":"https:\/\/www.stb-polney.de\/index.php?rest_route=\/wp\/v2\/types\/page"}],"author":[{"embeddable":true,"href":"https:\/\/www.stb-polney.de\/index.php?rest_route=\/wp\/v2\/users\/2"}],"replies":[{"embeddable":true,"href":"https:\/\/www.stb-polney.de\/index.php?rest_route=%2Fwp%2Fv2%2Fcomments&post=264"}],"version-history":[{"count":3,"href":"https:\/\/www.stb-polney.de\/index.php?rest_route=\/wp\/v2\/pages\/264\/revisions"}],"predecessor-version":[{"id":276,"href":"https:\/\/www.stb-polney.de\/index.php?rest_route=\/wp\/v2\/pages\/264\/revisions\/276"}],"wp:attachment":[{"href":"https:\/\/www.stb-polney.de\/index.php?rest_route=%2Fwp%2Fv2%2Fmedia&parent=264"}],"curies":[{"name":"wp","href":"https:\/\/api.w.org\/{rel}","templated":true}]}}